{"id":6478,"date":"2016-11-21T20:24:15","date_gmt":"2016-11-21T19:24:15","guid":{"rendered":"https:\/\/www.alpen-adria.info\/kontakt-2\/"},"modified":"2020-06-24T21:16:47","modified_gmt":"2020-06-24T19:16:47","slug":"kontakt","status":"publish","type":"page","link":"https:\/\/alpen-adria.info\/sl\/kontakt\/","title":{"rendered":"Kontakt"},"content":{"rendered":"<section class=\"l-section wpb_row height_medium color_alternate\"><div class=\"l-section-h i-cf\"><div class=\"g-cols vc_row via_flex valign_top type_default stacking_default\"><div class=\"vc_col-sm-12 wpb_column vc_column_container\"><div class=\"vc_column-inner\"><div class=\"wpb_wrapper\"><div class=\"wpb_text_column\"><div class=\"wpb_wrapper\"><h1 style=\"text-align: center;\"><span id=\"result_box\" class=\"short_text\" lang=\"de\"><span class=\"\">KONTAKTIRAJ NAS!<br \/>\n<\/span><\/span><\/h1>\n<h6 style=\"text-align: center;\">Mi oblikujemo Vase ogla\u0161evanje kot privla\u010dno ponudbo in tako dose\u017eemo njegov u\u010dinek!<\/h6>\n<\/div><\/div><div class=\"w-iconbox align_center iconpos_top style_default color_custom no_text no_title\"><div class=\"w-iconbox-icon\" style=\"font-size:24px;--icon-color:#ffffff;\"><i class=\"fas fa-arrow-down\"><\/i><\/div><div class=\"w-iconbox-meta\"><\/div><\/div><\/div><\/div><\/div><\/div><\/div><\/section><section class=\"l-section wpb_row height_medium\"><div class=\"l-section-h i-cf\"><div class=\"g-cols vc_row via_flex valign_top type_default stacking_default\"><div class=\"vc_col-sm-6 wpb_column vc_column_container\"><div class=\"vc_column-inner\"><div class=\"wpb_wrapper\"><div class=\"wpb_text_column\"><div class=\"wpb_wrapper\"><h4>Kontaktne informacije &#8230;<\/h4>\n<\/div><\/div><div class=\"w-contacts\"><div class=\"w-contacts-list\"><div class=\"w-contacts-item for_address\"><span class=\"w-contacts-item-value\">9020 Klagenfurt am W\u00f6rthersee, Peckstra\u00dfe 3, Austria<\/span><\/div><div class=\"w-contacts-item for_phone\"><span class=\"w-contacts-item-value\">+43 660 64 65 165<\/span><\/div><div class=\"w-contacts-item for_email\"><span class=\"w-contacts-item-value\"><a href=\"mailto:office@centropa.at\">office@centropa.at<\/a><\/span><\/div><\/div><\/div><div class=\"w-separator size_medium\"><\/div><div class=\"w-map provider_google us_custom_e89fee1b\" id=\"us_map_1\"><div class=\"w-map-inner\"><div class=\"w-map-json\" onclick='return {&quot;address&quot;:&quot;Peckstra\\u00dfe 3, 9020 Klagenfurt am W\\u00f6rthersee, Austria&quot;,&quot;disableDragging&quot;:0,&quot;disableZoom&quot;:0,&quot;hideControls&quot;:0,&quot;zoom&quot;:14,&quot;markers&quot;:[{&quot;address&quot;:&quot;Peckstra\\u00dfe 3, 9020 Klagenfurt am W\\u00f6rthersee, Austria&quot;,&quot;html&quot;:&quot;\\u017divjo! Tukaj smo! :)&quot;,&quot;infowindow&quot;:0}],&quot;maptype&quot;:&quot;ROADMAP&quot;}'><\/div><\/div><\/div><\/div><\/div><\/div><div class=\"vc_col-sm-6 wpb_column vc_column_container\"><div class=\"vc_column-inner\"><div class=\"wpb_wrapper\"><div class=\"wpb_text_column\"><div class=\"wpb_wrapper\"><h4>Po\u0161lji nam sporo\u010dilo<\/h4>\n<p>Ce \u017eeli\u0161 osebno z nami kontaktirati te seveda z veseljem pokli\u010demo nazaj!<br \/>\nVeselimo za tvojega cenjenega sporo\u010dila in te prosimo da izpolni\u0161 obrazec, ki nam bo pomagal uresni\u010diti tvoje \u017eelje in predloge.<\/p>\n<\/div><\/div>\n<div class=\"wpcf7 no-js\" id=\"wpcf7-f7161-o1\" lang=\"sl-SI\" dir=\"ltr\" data-wpcf7-id=\"7161\">\n<div class=\"screen-reader-response\"><p role=\"status\" aria-live=\"polite\" aria-atomic=\"true\"><\/p> <ul><\/ul><\/div>\n<form action=\"\/sl\/wp-json\/wp\/v2\/pages\/6478#wpcf7-f7161-o1\" method=\"post\" class=\"wpcf7-form init\" aria-label=\"Contact form\" novalidate=\"novalidate\" data-status=\"init\">\n<fieldset class=\"hidden-fields-container\"><input type=\"hidden\" name=\"_wpcf7\" value=\"7161\" \/><input type=\"hidden\" name=\"_wpcf7_version\" value=\"6.1.5\" \/><input type=\"hidden\" name=\"_wpcf7_locale\" value=\"sl_SI\" \/><input type=\"hidden\" name=\"_wpcf7_unit_tag\" value=\"wpcf7-f7161-o1\" \/><input type=\"hidden\" name=\"_wpcf7_container_post\" value=\"0\" \/><input type=\"hidden\" name=\"_wpcf7_posted_data_hash\" value=\"\" \/><input type=\"hidden\" name=\"_wpcf7_recaptcha_response\" value=\"\" \/>\n<\/fieldset>\n<p><label> Priimek (obvezno polje)<br \/>\n<span class=\"wpcf7-form-control-wrap\" data-name=\"your-name\"><input size=\"40\" maxlength=\"400\" class=\"wpcf7-form-control wpcf7-text wpcf7-validates-as-required\" aria-required=\"true\" aria-invalid=\"false\" value=\"\" type=\"text\" name=\"your-name\" \/><\/span> <\/label>\n<\/p>\n<p><label> E-mail-naslov (obvezno polje)<br \/>\n<span class=\"wpcf7-form-control-wrap\" data-name=\"your-email\"><input size=\"40\" maxlength=\"400\" class=\"wpcf7-form-control wpcf7-email wpcf7-validates-as-required wpcf7-text wpcf7-validates-as-email\" aria-required=\"true\" aria-invalid=\"false\" value=\"\" type=\"email\" name=\"your-email\" \/><\/span> <\/label>\n<\/p>\n<p><label> Telefonska \u0161tevilka<br \/>\n<span class=\"wpcf7-form-control-wrap\" data-name=\"tel-69\"><input size=\"40\" maxlength=\"400\" class=\"wpcf7-form-control wpcf7-tel wpcf7-text wpcf7-validates-as-tel\" aria-invalid=\"false\" value=\"\" type=\"tel\" name=\"tel-69\" \/><\/span><\/label>\n<\/p>\n<p><label> Zad\u00e9va<br \/>\n<span class=\"wpcf7-form-control-wrap\" data-name=\"your-subject\"><input size=\"40\" maxlength=\"400\" class=\"wpcf7-form-control wpcf7-text\" aria-invalid=\"false\" value=\"\" type=\"text\" name=\"your-subject\" \/><\/span> <\/label>\n<\/p>\n<p><label> Sporo\u010dilo:<br \/>\n<span class=\"wpcf7-form-control-wrap\" data-name=\"your-message\"><textarea cols=\"40\" rows=\"10\" maxlength=\"2000\" class=\"wpcf7-form-control wpcf7-textarea\" aria-invalid=\"false\" name=\"your-message\"><\/textarea><\/span> <\/label>\n<\/p>\n<p><label><span class=\"wpcf7-form-control-wrap\" data-name=\"acceptance-564\"><span class=\"wpcf7-form-control wpcf7-acceptance\"><span class=\"wpcf7-list-item\"><input type=\"checkbox\" name=\"acceptance-564\" value=\"1\" aria-invalid=\"false\" \/><\/span><\/span><\/span>*Seznanjen sem <a href=\"https:\/\/www.alpen-adria.info\/Datenschutz\/\" target=\"_blank\">z zakonom o varstvu osebnih podatkov.<\/a> Strinjam se, da se bodo moje navedbe in podatki zbirali in hranili elektronsko, da bi odgovorili na moje zahtevano vpra\u0161anje. Opomba: svojo privolitev lahko kadarkoli prekli\u010dete preko E-maila na widerruf@centropa.at.<\/label>\n<\/p>\n<p><input class=\"wpcf7-form-control wpcf7-submit has-spinner\" type=\"submit\" value=\"PO\u0160LJI SPORO\u010cILO\" \/>\n<\/p><div class=\"wpcf7-response-output\" aria-hidden=\"true\"><\/div>\n<\/form>\n<\/div>\n<\/div><\/div><\/div><\/div><\/div><\/section>\n","protected":false},"excerpt":{"rendered":"KONTAKTIRAJ NAS! Mi oblikujemo Vase ogla\u0161evanje kot privla\u010dno ponudbo in tako dose\u017eemo njegov u\u010dinek! Kontaktne informacije &#8230; 9020 Klagenfurt am W\u00f6rthersee, Peckstra\u00dfe 3, Austria+43 660 64 65 165office@centropa.atPo\u0161lji nam sporo\u010dilo Ce \u017eeli\u0161 osebno z nami kontaktirati te seveda z veseljem pokli\u010demo nazaj! Veselimo za tvojega cenjenega sporo\u010dila in te prosimo da izpolni\u0161 obrazec, ki nam...","protected":false},"author":1,"featured_media":0,"parent":0,"menu_order":0,"comment_status":"closed","ping_status":"closed","template":"","meta":{"_acf_changed":false,"footnotes":""},"class_list":["post-6478","page","type-page","status-publish","hentry"],"acf":[],"yoast_head":"<!-- This site is optimized with the Yoast SEO plugin v27.1.1 - https:\/\/yoast.com\/product\/yoast-seo-wordpress\/ -->\n<title>Kontakt - ALPEN-ADRIA JOURNAL<\/title>\n<meta name=\"robots\" content=\"index, follow, max-snippet:-1, max-image-preview:large, max-video-preview:-1\" \/>\n<link rel=\"canonical\" href=\"https:\/\/alpen-adria.info\/sl\/kontakt\/\" \/>\n<meta property=\"og:locale\" content=\"sl_SI\" \/>\n<meta property=\"og:type\" content=\"article\" \/>\n<meta property=\"og:title\" content=\"Kontakt - ALPEN-ADRIA JOURNAL\" \/>\n<meta property=\"og:url\" content=\"https:\/\/alpen-adria.info\/sl\/kontakt\/\" \/>\n<meta property=\"og:site_name\" content=\"ALPEN-ADRIA JOURNAL\" \/>\n<meta property=\"article:publisher\" content=\"https:\/\/www.facebook.com\/AlpenAdriaJournal\/\" \/>\n<meta property=\"article:modified_time\" content=\"2020-06-24T19:16:47+00:00\" \/>\n<meta name=\"twitter:card\" content=\"summary_large_image\" \/>\n<meta name=\"twitter:label1\" content=\"Est. reading time\" \/>\n\t<meta name=\"twitter:data1\" content=\"1 minuta\" \/>\n<script type=\"application\/ld+json\" class=\"yoast-schema-graph\">{\"@context\":\"https:\/\/schema.org\",\"@graph\":[{\"@type\":\"WebPage\",\"@id\":\"https:\/\/alpen-adria.info\/sl\/kontakt\/\",\"url\":\"https:\/\/alpen-adria.info\/sl\/kontakt\/\",\"name\":\"Kontakt - ALPEN-ADRIA JOURNAL\",\"isPartOf\":{\"@id\":\"https:\/\/alpen-adria.info\/sl\/#website\"},\"datePublished\":\"2016-11-21T19:24:15+00:00\",\"dateModified\":\"2020-06-24T19:16:47+00:00\",\"breadcrumb\":{\"@id\":\"https:\/\/alpen-adria.info\/sl\/kontakt\/#breadcrumb\"},\"inLanguage\":\"sl-SI\",\"potentialAction\":[{\"@type\":\"ReadAction\",\"target\":[\"https:\/\/alpen-adria.info\/sl\/kontakt\/\"]}]},{\"@type\":\"BreadcrumbList\",\"@id\":\"https:\/\/alpen-adria.info\/sl\/kontakt\/#breadcrumb\",\"itemListElement\":[{\"@type\":\"ListItem\",\"position\":1,\"name\":\"Startseite\",\"item\":\"https:\/\/alpen-adria.info\/sl\/\"},{\"@type\":\"ListItem\",\"position\":2,\"name\":\"Kontakt\"}]},{\"@type\":\"WebSite\",\"@id\":\"https:\/\/alpen-adria.info\/sl\/#website\",\"url\":\"https:\/\/alpen-adria.info\/sl\/\",\"name\":\"ALPEN-ADRIA JOURNAL\",\"description\":\"Reise- und Genuss- Tipps  aus der ALPEN-ADRIA-Region\",\"publisher\":{\"@id\":\"https:\/\/alpen-adria.info\/sl\/#organization\"},\"potentialAction\":[{\"@type\":\"SearchAction\",\"target\":{\"@type\":\"EntryPoint\",\"urlTemplate\":\"https:\/\/alpen-adria.info\/sl\/?s={search_term_string}\"},\"query-input\":{\"@type\":\"PropertyValueSpecification\",\"valueRequired\":true,\"valueName\":\"search_term_string\"}}],\"inLanguage\":\"sl-SI\"},{\"@type\":\"Organization\",\"@id\":\"https:\/\/alpen-adria.info\/sl\/#organization\",\"name\":\"Centropa Werbung\",\"url\":\"https:\/\/alpen-adria.info\/sl\/\",\"logo\":{\"@type\":\"ImageObject\",\"inLanguage\":\"sl-SI\",\"@id\":\"https:\/\/alpen-adria.info\/sl\/#\/schema\/logo\/image\/\",\"url\":\"https:\/\/alpen-adria.info\/wp-content\/uploads\/centropa-werbung-logo-xs.png\",\"contentUrl\":\"https:\/\/alpen-adria.info\/wp-content\/uploads\/centropa-werbung-logo-xs.png\",\"width\":209,\"height\":100,\"caption\":\"Centropa Werbung\"},\"image\":{\"@id\":\"https:\/\/alpen-adria.info\/sl\/#\/schema\/logo\/image\/\"},\"sameAs\":[\"https:\/\/www.facebook.com\/AlpenAdriaJournal\/\"]}]}<\/script>\n<!-- \/ Yoast SEO plugin. -->","yoast_head_json":{"title":"Kontakt - ALPEN-ADRIA JOURNAL","robots":{"index":"index","follow":"follow","max-snippet":"max-snippet:-1","max-image-preview":"max-image-preview:large","max-video-preview":"max-video-preview:-1"},"canonical":"https:\/\/alpen-adria.info\/sl\/kontakt\/","og_locale":"sl_SI","og_type":"article","og_title":"Kontakt - ALPEN-ADRIA JOURNAL","og_url":"https:\/\/alpen-adria.info\/sl\/kontakt\/","og_site_name":"ALPEN-ADRIA JOURNAL","article_publisher":"https:\/\/www.facebook.com\/AlpenAdriaJournal\/","article_modified_time":"2020-06-24T19:16:47+00:00","twitter_card":"summary_large_image","twitter_misc":{"Est. reading time":"1 minuta"},"schema":{"@context":"https:\/\/schema.org","@graph":[{"@type":"WebPage","@id":"https:\/\/alpen-adria.info\/sl\/kontakt\/","url":"https:\/\/alpen-adria.info\/sl\/kontakt\/","name":"Kontakt - ALPEN-ADRIA JOURNAL","isPartOf":{"@id":"https:\/\/alpen-adria.info\/sl\/#website"},"datePublished":"2016-11-21T19:24:15+00:00","dateModified":"2020-06-24T19:16:47+00:00","breadcrumb":{"@id":"https:\/\/alpen-adria.info\/sl\/kontakt\/#breadcrumb"},"inLanguage":"sl-SI","potentialAction":[{"@type":"ReadAction","target":["https:\/\/alpen-adria.info\/sl\/kontakt\/"]}]},{"@type":"BreadcrumbList","@id":"https:\/\/alpen-adria.info\/sl\/kontakt\/#breadcrumb","itemListElement":[{"@type":"ListItem","position":1,"name":"Startseite","item":"https:\/\/alpen-adria.info\/sl\/"},{"@type":"ListItem","position":2,"name":"Kontakt"}]},{"@type":"WebSite","@id":"https:\/\/alpen-adria.info\/sl\/#website","url":"https:\/\/alpen-adria.info\/sl\/","name":"ALPEN-ADRIA JOURNAL","description":"Reise- und Genuss- Tipps  aus der ALPEN-ADRIA-Region","publisher":{"@id":"https:\/\/alpen-adria.info\/sl\/#organization"},"potentialAction":[{"@type":"SearchAction","target":{"@type":"EntryPoint","urlTemplate":"https:\/\/alpen-adria.info\/sl\/?s={search_term_string}"},"query-input":{"@type":"PropertyValueSpecification","valueRequired":true,"valueName":"search_term_string"}}],"inLanguage":"sl-SI"},{"@type":"Organization","@id":"https:\/\/alpen-adria.info\/sl\/#organization","name":"Centropa Werbung","url":"https:\/\/alpen-adria.info\/sl\/","logo":{"@type":"ImageObject","inLanguage":"sl-SI","@id":"https:\/\/alpen-adria.info\/sl\/#\/schema\/logo\/image\/","url":"https:\/\/alpen-adria.info\/wp-content\/uploads\/centropa-werbung-logo-xs.png","contentUrl":"https:\/\/alpen-adria.info\/wp-content\/uploads\/centropa-werbung-logo-xs.png","width":209,"height":100,"caption":"Centropa Werbung"},"image":{"@id":"https:\/\/alpen-adria.info\/sl\/#\/schema\/logo\/image\/"},"sameAs":["https:\/\/www.facebook.com\/AlpenAdriaJournal\/"]}]}},"_links":{"self":[{"href":"https:\/\/alpen-adria.info\/sl\/wp-json\/wp\/v2\/pages\/6478","targetHints":{"allow":["GET"]}}],"collection":[{"href":"https:\/\/alpen-adria.info\/sl\/wp-json\/wp\/v2\/pages"}],"about":[{"href":"https:\/\/alpen-adria.info\/sl\/wp-json\/wp\/v2\/types\/page"}],"author":[{"embeddable":true,"href":"https:\/\/alpen-adria.info\/sl\/wp-json\/wp\/v2\/users\/1"}],"replies":[{"embeddable":true,"href":"https:\/\/alpen-adria.info\/sl\/wp-json\/wp\/v2\/comments?post=6478"}],"version-history":[{"count":0,"href":"https:\/\/alpen-adria.info\/sl\/wp-json\/wp\/v2\/pages\/6478\/revisions"}],"wp:attachment":[{"href":"https:\/\/alpen-adria.info\/sl\/wp-json\/wp\/v2\/media?parent=6478"}],"curies":[{"name":"wp","href":"https:\/\/api.w.org\/{rel}","templated":true}]}}