{"id":10297,"date":"2022-03-02T15:00:30","date_gmt":"2022-03-02T14:00:30","guid":{"rendered":"https:\/\/alpen-adria.info\/?page_id=10297"},"modified":"2024-05-28T12:11:36","modified_gmt":"2024-05-28T10:11:36","slug":"team","status":"publish","type":"page","link":"https:\/\/alpen-adria.info\/sl\/team\/","title":{"rendered":"Team"},"content":{"rendered":"<section class=\"l-section wpb_row height_medium color_alternate\"><div class=\"l-section-h i-cf\"><div class=\"g-cols vc_row via_flex valign_top type_default stacking_default\"><div class=\"vc_col-sm-12 wpb_column vc_column_container\"><div class=\"vc_column-inner\"><div class=\"wpb_wrapper\"><div class=\"wpb_text_column\"><div class=\"wpb_wrapper\"><h1 style=\"text-align: left;\"><span id=\"result_box\" class=\"short_text\" lang=\"de\"><span class=\"\">Va\u0161a ekipa s strastjo do Alp in Jadrana<\/span><\/span><\/h1>\n<\/div><\/div><\/div><\/div><\/div><\/div><\/div><\/section><section class=\"l-section wpb_row height_medium\"><div class=\"l-section-h i-cf\"><div class=\"g-cols vc_row via_flex valign_top type_default stacking_default\"><div class=\"vc_col-sm-12 wpb_column vc_column_container\"><div class=\"vc_column-inner\"><div class=\"wpb_wrapper\"><div class=\"wpb_text_column\"><div class=\"wpb_wrapper\"><p>Vsaka regija ima svoje posebnosti. Na\u0161a ekipa i\u0161\u010de najbolj\u0161e namige za izlete, prosti \u010das in potovanja. Tako smo vir idej, priporo\u010dil in delno tudi vodi\u010d za prijetne oddihe. Predani smo svojemu poslanstvu. In kaj je najbolj\u0161e pri vsem tem? Govorimo va\u0161 jezik in smo na kraju samem va\u0161a neposredna kontaktna oseba. Na\u0161a ekipa vam je na razpolago v vseh regijah. Pi\u0161ite nam. Z veseljem delimo svoje poznavalsko znanje. Povezujemo de\u017eele. Smo medkulturni. Krepimo mre\u017ee. Odli\u010dno smo predstavljeni na spletu in enkrat letno tudi v visokokakovostni tiskani izdaji.<\/p>\n<\/div><\/div><div class=\"g-cols wpb_row via_flex valign_top type_default stacking_default\"><div class=\"vc_col-sm-6 wpb_column vc_column_container\"><div class=\"vc_column-inner\"><div class=\"wpb_wrapper\"><div class=\"w-person layout_simple with_desc\" itemscope itemtype=\"https:\/\/schema.org\/Person\"><div class=\"w-person-image\"><a href=\"#\" class=\"w-person-link\" aria-label=\"Tamila Rassinger\"><img loading=\"lazy\" decoding=\"async\" width=\"350\" height=\"350\" src=\"https:\/\/alpen-adria.info\/wp-content\/uploads\/Teamseite_Tamila-neu-1.jpg\" class=\"attachment-large size-large\" alt=\"\" itemprop=\"image\" srcset=\"https:\/\/alpen-adria.info\/wp-content\/uploads\/Teamseite_Tamila-neu-1.jpg 350w, https:\/\/alpen-adria.info\/wp-content\/uploads\/Teamseite_Tamila-neu-1-300x300.jpg 300w, https:\/\/alpen-adria.info\/wp-content\/uploads\/Teamseite_Tamila-neu-1-150x150.jpg 150w\" sizes=\"auto, (max-width: 350px) 100vw, 350px\" \/><\/a><\/div><div class=\"w-person-content\"><h4 itemprop=\"name\" class=\"w-person-name\"><a href=\"#\" class=\"w-person-link\" aria-label=\"Tamila Rassinger\"><span>Tamila Rassinger<\/span><\/a><\/h4><div class=\"w-person-role\" itemprop=\"jobTitle\">urednica &#038; direktorica<\/div><div class=\"w-person-description\" itemprop=\"description\"><p><i class=\"fas fa-envelope\"><\/i> <a href=\"mailto: office@centropa.at\">office@centropa.at<\/a><br \/>\n<i class=\"fas fa-phone\"><\/i> <a href=\"tel: +43 660 64 65 165\">+43 660 64 65 165<\/a><\/p>\n<\/div><\/div><\/div><\/div><\/div><\/div><div class=\"vc_col-sm-6 wpb_column vc_column_container\"><div class=\"vc_column-inner\"><div class=\"wpb_wrapper\"><div class=\"w-person layout_simple with_desc\" itemscope itemtype=\"https:\/\/schema.org\/Person\"><div class=\"w-person-image\"><a href=\"#\" class=\"w-person-link\" aria-label=\"Anita Arneitz\"><img loading=\"lazy\" decoding=\"async\" width=\"350\" height=\"350\" src=\"https:\/\/alpen-adria.info\/wp-content\/uploads\/Teamseite_Anita-1.jpg\" class=\"attachment-large size-large\" alt=\"\" itemprop=\"image\" srcset=\"https:\/\/alpen-adria.info\/wp-content\/uploads\/Teamseite_Anita-1.jpg 350w, https:\/\/alpen-adria.info\/wp-content\/uploads\/Teamseite_Anita-1-300x300.jpg 300w, https:\/\/alpen-adria.info\/wp-content\/uploads\/Teamseite_Anita-1-150x150.jpg 150w\" sizes=\"auto, (max-width: 350px) 100vw, 350px\" \/><\/a><\/div><div class=\"w-person-content\"><h4 itemprop=\"name\" class=\"w-person-name\"><a href=\"#\" class=\"w-person-link\" aria-label=\"Anita Arneitz\"><span>Anita Arneitz<\/span><\/a><\/h4><div class=\"w-person-role\" itemprop=\"jobTitle\">redakcija &#038; blog<\/div><div class=\"w-person-description\" itemprop=\"description\"><p><i class=\"fas fa-envelope\"><\/i> <a href=\"mailto: info@anitaarneitz.at\">info@anitaarneitz.at<\/a><br \/>\n<i class=\"fas fa-phone\"><\/i> <a href=\"tel: +43 676 72 78 712\">+43 676 72 78 712<\/a><\/p>\n<\/div><\/div><\/div><\/div><\/div><\/div><\/div><\/div><\/div><\/div><\/div><\/div><\/section><section class=\"l-section wpb_row height_medium color_alternate\"><div class=\"l-section-h i-cf\"><div class=\"g-cols vc_row via_flex valign_top type_default stacking_default\"><div class=\"vc_col-sm-12 wpb_column vc_column_container\"><div class=\"vc_column-inner\"><div class=\"wpb_wrapper\"><div class=\"wpb_text_column\"><div class=\"wpb_wrapper\"><h2 class=\"fusion-responsive-typography-calculated\" style=\"text-align: left;\" data-fontsize=\"25\" data-lineheight=\"37.5px\">OGLASI AVSTRIJSKA KORO\u0160KA<\/h2>\n<\/div><\/div><\/div><\/div><\/div><\/div><\/div><\/section><section class=\"l-section wpb_row height_medium\"><div class=\"l-section-h i-cf\"><div class=\"g-cols vc_row via_flex valign_top type_default stacking_default\"><div class=\"vc_col-sm-12 wpb_column vc_column_container\"><div class=\"vc_column-inner\"><div class=\"wpb_wrapper\"><div class=\"wpb_text_column\"><div class=\"wpb_wrapper\"><p>Najprej se povzpnite na vrh gore, nato pa se potopite v jezero s kakovostjo pitne vode, sprehodite se po mestih s sredozemskim \u0161armom in u\u017eivajte v regionalnih dobrotah: nikjer drugje ni to la\u017eje kot na Koro\u0161kem. Veselimo se va\u0161ega odziva in osebnega stika, da bomo lahko skupaj predstavili \u0161e ve\u010d namigov za avstrijsko Koro\u0161ko.<\/p>\n<\/div><\/div><div class=\"g-cols wpb_row via_flex valign_top type_default stacking_default\"><div class=\"vc_col-sm-6 wpb_column vc_column_container\"><div class=\"vc_column-inner\"><div class=\"wpb_wrapper\"><div class=\"w-person layout_simple with_desc\" itemscope itemtype=\"https:\/\/schema.org\/Person\"><div class=\"w-person-image\"><a href=\"#\" class=\"w-person-link\" aria-label=\"Ottilie Langer\"><img loading=\"lazy\" decoding=\"async\" width=\"350\" height=\"350\" src=\"https:\/\/alpen-adria.info\/wp-content\/uploads\/Teamseite_Otti-1.jpg\" class=\"attachment-large size-large\" alt=\"\" itemprop=\"image\" srcset=\"https:\/\/alpen-adria.info\/wp-content\/uploads\/Teamseite_Otti-1.jpg 350w, https:\/\/alpen-adria.info\/wp-content\/uploads\/Teamseite_Otti-1-300x300.jpg 300w, https:\/\/alpen-adria.info\/wp-content\/uploads\/Teamseite_Otti-1-150x150.jpg 150w\" sizes=\"auto, (max-width: 350px) 100vw, 350px\" \/><\/a><\/div><div class=\"w-person-content\"><h4 itemprop=\"name\" class=\"w-person-name\"><a href=\"#\" class=\"w-person-link\" aria-label=\"Ottilie Langer\"><span>Ottilie Langer<\/span><\/a><\/h4><div class=\"w-person-description\" itemprop=\"description\"><p><i class=\"fas fa-envelope\"><\/i> <a href=\"mailto: office@ottilielanger.at\">office@ottilielanger.at<\/a><br \/>\n<i class=\"fas fa-phone\"><\/i> <a href=\"tel: +43 664 92 00 659\">+43 664 92 00 659<\/a><\/p>\n<\/div><\/div><\/div><\/div><\/div><\/div><div class=\"vc_col-sm-6 wpb_column vc_column_container\"><div class=\"vc_column-inner\"><div class=\"wpb_wrapper\"><div class=\"w-person layout_simple with_desc\" itemscope itemtype=\"https:\/\/schema.org\/Person\"><div class=\"w-person-image\"><a href=\"#\" class=\"w-person-link\" aria-label=\"Monika Hausmann\"><img loading=\"lazy\" decoding=\"async\" width=\"350\" height=\"350\" src=\"https:\/\/alpen-adria.info\/wp-content\/uploads\/Teamseite_Monika-1.jpg\" class=\"attachment-large size-large\" alt=\"\" itemprop=\"image\" srcset=\"https:\/\/alpen-adria.info\/wp-content\/uploads\/Teamseite_Monika-1.jpg 350w, https:\/\/alpen-adria.info\/wp-content\/uploads\/Teamseite_Monika-1-300x300.jpg 300w, https:\/\/alpen-adria.info\/wp-content\/uploads\/Teamseite_Monika-1-150x150.jpg 150w\" sizes=\"auto, (max-width: 350px) 100vw, 350px\" \/><\/a><\/div><div class=\"w-person-content\"><h4 itemprop=\"name\" class=\"w-person-name\"><a href=\"#\" class=\"w-person-link\" aria-label=\"Monika Hausmann\"><span>Monika Hausmann<\/span><\/a><\/h4><div class=\"w-person-description\" itemprop=\"description\"><p><i class=\"fas fa-envelope\"><\/i> <a href=\"mailto: monika.hausmann@aon.at\">monika.hausmann@aon.at<\/a><br \/>\n<i class=\"fas fa-phone\"><\/i> <a href=\"tel: +43 660 255 60 30\">+43 660 255 60 30<\/a><\/p>\n<\/div><\/div><\/div><\/div><\/div><\/div><\/div><\/div><\/div><\/div><\/div><\/div><\/section><section class=\"l-section wpb_row height_medium color_alternate\"><div class=\"l-section-h i-cf\"><div class=\"g-cols vc_row via_flex valign_top type_default stacking_default\"><div class=\"vc_col-sm-12 wpb_column vc_column_container\"><div class=\"vc_column-inner\"><div class=\"wpb_wrapper\"><div class=\"wpb_text_column\"><div class=\"wpb_wrapper\"><h2 class=\"fusion-responsive-typography-calculated\" style=\"text-align: left;\" data-fontsize=\"25\" data-lineheight=\"37.5px\">OGLASI FURLANIJA-JULIJSKA KRAJINA<\/h2>\n<\/div><\/div><\/div><\/div><\/div><\/div><\/div><\/section><section class=\"l-section wpb_row height_medium\"><div class=\"l-section-h i-cf\"><div class=\"g-cols vc_row via_flex valign_top type_default stacking_default\"><div class=\"vc_col-sm-12 wpb_column vc_column_container\"><div class=\"vc_column-inner\"><div class=\"wpb_wrapper\"><div class=\"wpb_text_column\"><div class=\"wpb_wrapper\"><p>Od prozornih alpskih jezer do pla\u017ee na Jadranu \u2013 raznolikost Furlanije-Julijske krajine vedno presene\u010da. Ljubitelji narave in kulture bodo navdu\u0161eni. Pridru\u017eite se nam in delite svoje namige z na\u0161imi bralkami in bralci. Veselim se pogovora z vami.<\/p>\n<\/div><\/div><div class=\"g-cols wpb_row via_flex valign_top type_default stacking_default\"><div class=\"vc_col-sm-6 wpb_column vc_column_container\"><div class=\"vc_column-inner\"><div class=\"wpb_wrapper\"><div class=\"w-person layout_simple with_desc\" itemscope itemtype=\"https:\/\/schema.org\/Person\"><div class=\"w-person-image\"><a href=\"#\" class=\"w-person-link\" aria-label=\"Monica Wedam\"><img loading=\"lazy\" decoding=\"async\" width=\"350\" height=\"350\" src=\"https:\/\/alpen-adria.info\/wp-content\/uploads\/Teamseite_Monica-1.jpg\" class=\"attachment-large size-large\" alt=\"\" itemprop=\"image\" srcset=\"https:\/\/alpen-adria.info\/wp-content\/uploads\/Teamseite_Monica-1.jpg 350w, https:\/\/alpen-adria.info\/wp-content\/uploads\/Teamseite_Monica-1-300x300.jpg 300w, https:\/\/alpen-adria.info\/wp-content\/uploads\/Teamseite_Monica-1-150x150.jpg 150w\" sizes=\"auto, (max-width: 350px) 100vw, 350px\" \/><\/a><\/div><div class=\"w-person-content\"><h4 itemprop=\"name\" class=\"w-person-name\"><a href=\"#\" class=\"w-person-link\" aria-label=\"Monica Wedam\"><span>Monica Wedam<\/span><\/a><\/h4><div class=\"w-person-description\" itemprop=\"description\"><p><i class=\"fas fa-envelope\"><\/i> <a href=\"mailto: monica@centropa.at\">monica@centropa.at<\/a><br \/>\n<i class=\"fas fa-phone\"><\/i> <a href=\"tel: +39 331 44 88 480\">+39 331 44 88 480<\/a><\/p>\n<\/div><\/div><\/div><\/div><\/div><\/div><div class=\"vc_col-sm-6 wpb_column vc_column_container\"><div class=\"vc_column-inner\"><div class=\"wpb_wrapper\"><\/div><\/div><\/div><\/div><\/div><\/div><\/div><\/div><\/div><\/section><section class=\"l-section wpb_row height_medium color_alternate\"><div class=\"l-section-h i-cf\"><div class=\"g-cols vc_row via_flex valign_top type_default stacking_default\"><div class=\"vc_col-sm-12 wpb_column vc_column_container\"><div class=\"vc_column-inner\"><div class=\"wpb_wrapper\"><div class=\"wpb_text_column\"><div class=\"wpb_wrapper\"><h2 class=\"fusion-responsive-typography-calculated\" style=\"text-align: left;\" data-fontsize=\"25\" data-lineheight=\"37.5px\">OGLASI SLOVENIJA<\/h2>\n<\/div><\/div><\/div><\/div><\/div><\/div><\/div><\/section><section class=\"l-section wpb_row height_medium\"><div class=\"l-section-h i-cf\"><div class=\"g-cols vc_row via_flex valign_top type_default stacking_default\"><div class=\"vc_col-sm-12 wpb_column vc_column_container\"><div class=\"vc_column-inner\"><div class=\"wpb_wrapper\"><div class=\"wpb_text_column\"><div class=\"wpb_wrapper\"><p>Majhno in zeleno: Slovenija ponuja na zelo majhnem prostoru po\u010ditnikom in obiskovalcem veliko, zelo veliko. Gorska panorama ali jadranska pla\u017ea? Wellness v termah ali sprehod po mestu? Glede na va\u0161e razpolo\u017eenje in va\u0161e \u017eelje je vse mogo\u010de. To cenimo. Pomagala vam bom pri oblikovanju va\u0161ih ponudb na najbolj\u0161i mo\u017eni na\u010din in se veselim va\u0161ega klica.<\/p>\n<\/div><\/div><div class=\"g-cols wpb_row via_flex valign_top type_default stacking_default\"><div class=\"vc_col-sm-6 wpb_column vc_column_container\"><div class=\"vc_column-inner\"><div class=\"wpb_wrapper\"><div class=\"w-person layout_simple with_desc\" itemscope itemtype=\"https:\/\/schema.org\/Person\"><div class=\"w-person-image\"><a href=\"#\" class=\"w-person-link\" aria-label=\"Alenka Orasche\"><img loading=\"lazy\" decoding=\"async\" width=\"350\" height=\"350\" src=\"https:\/\/alpen-adria.info\/wp-content\/uploads\/Teamseite_Alenka-1.jpg\" class=\"attachment-large size-large\" alt=\"\" itemprop=\"image\" srcset=\"https:\/\/alpen-adria.info\/wp-content\/uploads\/Teamseite_Alenka-1.jpg 350w, https:\/\/alpen-adria.info\/wp-content\/uploads\/Teamseite_Alenka-1-300x300.jpg 300w, https:\/\/alpen-adria.info\/wp-content\/uploads\/Teamseite_Alenka-1-150x150.jpg 150w\" sizes=\"auto, (max-width: 350px) 100vw, 350px\" \/><\/a><\/div><div class=\"w-person-content\"><h4 itemprop=\"name\" class=\"w-person-name\"><a href=\"#\" class=\"w-person-link\" aria-label=\"Alenka Orasche\"><span>Alenka Orasche<\/span><\/a><\/h4><div class=\"w-person-description\" itemprop=\"description\"><p><i class=\"fas fa-envelope\"><\/i> <a href=\"mailto: alenka@centropa.at\">alenka@centropa.at<\/a><br \/>\n<i class=\"fas fa-phone\"><\/i> <a href=\"tel: +43 676 940 47 76\">+43 676 940 47 76<\/a><\/p>\n<\/div><\/div><\/div><\/div><\/div><\/div><div class=\"vc_col-sm-6 wpb_column vc_column_container\"><div class=\"vc_column-inner\"><div class=\"wpb_wrapper\"><\/div><\/div><\/div><\/div><\/div><\/div><\/div><\/div><\/div><\/section>\n","protected":false},"excerpt":{"rendered":"Va\u0161a ekipa s strastjo do Alp in Jadrana Vsaka regija ima svoje posebnosti. Na\u0161a ekipa i\u0161\u010de najbolj\u0161e namige za izlete, prosti \u010das in potovanja. Tako smo vir idej, priporo\u010dil in delno tudi vodi\u010d za prijetne oddihe. Predani smo svojemu poslanstvu. In kaj je najbolj\u0161e pri vsem tem? Govorimo va\u0161 jezik in smo na kraju samem...","protected":false},"author":1,"featured_media":0,"parent":0,"menu_order":0,"comment_status":"closed","ping_status":"closed","template":"","meta":{"_acf_changed":false,"footnotes":""},"class_list":["post-10297","page","type-page","status-publish","hentry"],"acf":[],"yoast_head":"<!-- This site is optimized with the Yoast SEO plugin v27.1.1 - https:\/\/yoast.com\/product\/yoast-seo-wordpress\/ -->\n<title>Team - ALPEN-ADRIA JOURNAL<\/title>\n<meta name=\"robots\" content=\"index, follow, max-snippet:-1, max-image-preview:large, max-video-preview:-1\" \/>\n<link rel=\"canonical\" href=\"https:\/\/alpen-adria.info\/sl\/team\/\" \/>\n<meta property=\"og:locale\" content=\"sl_SI\" \/>\n<meta property=\"og:type\" content=\"article\" \/>\n<meta property=\"og:title\" content=\"Team - ALPEN-ADRIA JOURNAL\" \/>\n<meta property=\"og:url\" content=\"https:\/\/alpen-adria.info\/sl\/team\/\" \/>\n<meta property=\"og:site_name\" content=\"ALPEN-ADRIA JOURNAL\" \/>\n<meta property=\"article:publisher\" content=\"https:\/\/www.facebook.com\/AlpenAdriaJournal\/\" \/>\n<meta property=\"article:modified_time\" content=\"2024-05-28T10:11:36+00:00\" \/>\n<meta name=\"twitter:card\" content=\"summary_large_image\" \/>\n<meta name=\"twitter:label1\" content=\"Est. reading time\" \/>\n\t<meta name=\"twitter:data1\" content=\"2 minuti\" \/>\n<script type=\"application\/ld+json\" class=\"yoast-schema-graph\">{\"@context\":\"https:\/\/schema.org\",\"@graph\":[{\"@type\":\"WebPage\",\"@id\":\"https:\/\/alpen-adria.info\/sl\/team\/\",\"url\":\"https:\/\/alpen-adria.info\/sl\/team\/\",\"name\":\"Team - ALPEN-ADRIA JOURNAL\",\"isPartOf\":{\"@id\":\"https:\/\/alpen-adria.info\/sl\/#website\"},\"datePublished\":\"2022-03-02T14:00:30+00:00\",\"dateModified\":\"2024-05-28T10:11:36+00:00\",\"breadcrumb\":{\"@id\":\"https:\/\/alpen-adria.info\/sl\/team\/#breadcrumb\"},\"inLanguage\":\"sl-SI\",\"potentialAction\":[{\"@type\":\"ReadAction\",\"target\":[\"https:\/\/alpen-adria.info\/sl\/team\/\"]}]},{\"@type\":\"BreadcrumbList\",\"@id\":\"https:\/\/alpen-adria.info\/sl\/team\/#breadcrumb\",\"itemListElement\":[{\"@type\":\"ListItem\",\"position\":1,\"name\":\"Startseite\",\"item\":\"https:\/\/alpen-adria.info\/sl\/\"},{\"@type\":\"ListItem\",\"position\":2,\"name\":\"Team\"}]},{\"@type\":\"WebSite\",\"@id\":\"https:\/\/alpen-adria.info\/sl\/#website\",\"url\":\"https:\/\/alpen-adria.info\/sl\/\",\"name\":\"ALPEN-ADRIA JOURNAL\",\"description\":\"Reise- und Genuss- Tipps  aus der ALPEN-ADRIA-Region\",\"publisher\":{\"@id\":\"https:\/\/alpen-adria.info\/sl\/#organization\"},\"potentialAction\":[{\"@type\":\"SearchAction\",\"target\":{\"@type\":\"EntryPoint\",\"urlTemplate\":\"https:\/\/alpen-adria.info\/sl\/?s={search_term_string}\"},\"query-input\":{\"@type\":\"PropertyValueSpecification\",\"valueRequired\":true,\"valueName\":\"search_term_string\"}}],\"inLanguage\":\"sl-SI\"},{\"@type\":\"Organization\",\"@id\":\"https:\/\/alpen-adria.info\/sl\/#organization\",\"name\":\"Centropa Werbung\",\"url\":\"https:\/\/alpen-adria.info\/sl\/\",\"logo\":{\"@type\":\"ImageObject\",\"inLanguage\":\"sl-SI\",\"@id\":\"https:\/\/alpen-adria.info\/sl\/#\/schema\/logo\/image\/\",\"url\":\"https:\/\/alpen-adria.info\/wp-content\/uploads\/centropa-werbung-logo-xs.png\",\"contentUrl\":\"https:\/\/alpen-adria.info\/wp-content\/uploads\/centropa-werbung-logo-xs.png\",\"width\":209,\"height\":100,\"caption\":\"Centropa Werbung\"},\"image\":{\"@id\":\"https:\/\/alpen-adria.info\/sl\/#\/schema\/logo\/image\/\"},\"sameAs\":[\"https:\/\/www.facebook.com\/AlpenAdriaJournal\/\"]}]}<\/script>\n<!-- \/ Yoast SEO plugin. -->","yoast_head_json":{"title":"Team - ALPEN-ADRIA JOURNAL","robots":{"index":"index","follow":"follow","max-snippet":"max-snippet:-1","max-image-preview":"max-image-preview:large","max-video-preview":"max-video-preview:-1"},"canonical":"https:\/\/alpen-adria.info\/sl\/team\/","og_locale":"sl_SI","og_type":"article","og_title":"Team - ALPEN-ADRIA JOURNAL","og_url":"https:\/\/alpen-adria.info\/sl\/team\/","og_site_name":"ALPEN-ADRIA JOURNAL","article_publisher":"https:\/\/www.facebook.com\/AlpenAdriaJournal\/","article_modified_time":"2024-05-28T10:11:36+00:00","twitter_card":"summary_large_image","twitter_misc":{"Est. reading time":"2 minuti"},"schema":{"@context":"https:\/\/schema.org","@graph":[{"@type":"WebPage","@id":"https:\/\/alpen-adria.info\/sl\/team\/","url":"https:\/\/alpen-adria.info\/sl\/team\/","name":"Team - ALPEN-ADRIA JOURNAL","isPartOf":{"@id":"https:\/\/alpen-adria.info\/sl\/#website"},"datePublished":"2022-03-02T14:00:30+00:00","dateModified":"2024-05-28T10:11:36+00:00","breadcrumb":{"@id":"https:\/\/alpen-adria.info\/sl\/team\/#breadcrumb"},"inLanguage":"sl-SI","potentialAction":[{"@type":"ReadAction","target":["https:\/\/alpen-adria.info\/sl\/team\/"]}]},{"@type":"BreadcrumbList","@id":"https:\/\/alpen-adria.info\/sl\/team\/#breadcrumb","itemListElement":[{"@type":"ListItem","position":1,"name":"Startseite","item":"https:\/\/alpen-adria.info\/sl\/"},{"@type":"ListItem","position":2,"name":"Team"}]},{"@type":"WebSite","@id":"https:\/\/alpen-adria.info\/sl\/#website","url":"https:\/\/alpen-adria.info\/sl\/","name":"ALPEN-ADRIA JOURNAL","description":"Reise- und Genuss- Tipps  aus der ALPEN-ADRIA-Region","publisher":{"@id":"https:\/\/alpen-adria.info\/sl\/#organization"},"potentialAction":[{"@type":"SearchAction","target":{"@type":"EntryPoint","urlTemplate":"https:\/\/alpen-adria.info\/sl\/?s={search_term_string}"},"query-input":{"@type":"PropertyValueSpecification","valueRequired":true,"valueName":"search_term_string"}}],"inLanguage":"sl-SI"},{"@type":"Organization","@id":"https:\/\/alpen-adria.info\/sl\/#organization","name":"Centropa Werbung","url":"https:\/\/alpen-adria.info\/sl\/","logo":{"@type":"ImageObject","inLanguage":"sl-SI","@id":"https:\/\/alpen-adria.info\/sl\/#\/schema\/logo\/image\/","url":"https:\/\/alpen-adria.info\/wp-content\/uploads\/centropa-werbung-logo-xs.png","contentUrl":"https:\/\/alpen-adria.info\/wp-content\/uploads\/centropa-werbung-logo-xs.png","width":209,"height":100,"caption":"Centropa Werbung"},"image":{"@id":"https:\/\/alpen-adria.info\/sl\/#\/schema\/logo\/image\/"},"sameAs":["https:\/\/www.facebook.com\/AlpenAdriaJournal\/"]}]}},"_links":{"self":[{"href":"https:\/\/alpen-adria.info\/sl\/wp-json\/wp\/v2\/pages\/10297","targetHints":{"allow":["GET"]}}],"collection":[{"href":"https:\/\/alpen-adria.info\/sl\/wp-json\/wp\/v2\/pages"}],"about":[{"href":"https:\/\/alpen-adria.info\/sl\/wp-json\/wp\/v2\/types\/page"}],"author":[{"embeddable":true,"href":"https:\/\/alpen-adria.info\/sl\/wp-json\/wp\/v2\/users\/1"}],"replies":[{"embeddable":true,"href":"https:\/\/alpen-adria.info\/sl\/wp-json\/wp\/v2\/comments?post=10297"}],"version-history":[{"count":0,"href":"https:\/\/alpen-adria.info\/sl\/wp-json\/wp\/v2\/pages\/10297\/revisions"}],"wp:attachment":[{"href":"https:\/\/alpen-adria.info\/sl\/wp-json\/wp\/v2\/media?parent=10297"}],"curies":[{"name":"wp","href":"https:\/\/api.w.org\/{rel}","templated":true}]}}