{"id":6473,"date":"2016-11-21T21:17:27","date_gmt":"2016-11-21T20:17:27","guid":{"rendered":"https:\/\/www.alpen-adria.info\/journal-2\/"},"modified":"2025-05-23T20:15:25","modified_gmt":"2025-05-23T18:15:25","slug":"journal","status":"publish","type":"page","link":"https:\/\/alpen-adria.info\/it\/journal\/","title":{"rendered":"Journal"},"content":{"rendered":"<section class=\"l-section wpb_row height_auto width_full color_primary\"><div class=\"l-section-h i-cf\"><div class=\"g-cols vc_row via_flex valign_top type_default stacking_default\"><div class=\"vc_col-sm-12 wpb_column vc_column_container\"><div class=\"vc_column-inner\"><div class=\"wpb_wrapper\"><div class=\"w-grid type_carousel layout_9260\" id=\"us_grid_1\"><style>.layout_9260 .w-grid-item-h{}.layout_9260 .usg_post_image_1{height:66vh!important}.layout_9260 .usg_vwrapper_1{color:#ffffff!important;position:absolute!important;left:0!important;bottom:0!important;right:0!important;background:linear-gradient(0deg,rgba(0,0,0,0.80),rgba(0,0,0,0))!important;padding:5vmax 4vmax 3vmax 4vmax!important}.layout_9260 .usg_text_2{text-align:center!important}<\/style><div class=\"w-grid-list owl-carousel valign_stretch dotstyle_circle navstyle_block navpos_inside owl-responsive-2000 with_arrows\" style=\"--transition-duration:350ms;--arrows-size:3rem;\">\t<article class=\"w-grid-item post-11922 attachment type-attachment status-inherit hentry\" data-id=\"11922\">\r\n\t\t<div class=\"w-grid-item-h\">\r\n\t\t\t\t\t\t<div class=\"w-post-elm post_image usg_post_image_1 has_height stretched\"><a href=\"https:\/\/alpen-adria.info\/it\/journal\/alpen-adria-magazin_zupanc_05_web_50-2\/\" aria-label=\"Alpen Adria Magazin_Zupanc_05_web_50\"><img loading=\"lazy\" decoding=\"async\" width=\"1500\" height=\"1000\" src=\"https:\/\/alpen-adria.info\/wp-content\/uploads\/Alpen-Adria-Magazin_Zupanc_05_web_50.jpg\" class=\"attachment-full size-full\" alt=\"\" srcset=\"https:\/\/alpen-adria.info\/wp-content\/uploads\/Alpen-Adria-Magazin_Zupanc_05_web_50.jpg 1500w, https:\/\/alpen-adria.info\/wp-content\/uploads\/Alpen-Adria-Magazin_Zupanc_05_web_50-300x200.jpg 300w, https:\/\/alpen-adria.info\/wp-content\/uploads\/Alpen-Adria-Magazin_Zupanc_05_web_50-1024x683.jpg 1024w, https:\/\/alpen-adria.info\/wp-content\/uploads\/Alpen-Adria-Magazin_Zupanc_05_web_50-600x400.jpg 600w, https:\/\/alpen-adria.info\/wp-content\/uploads\/Alpen-Adria-Magazin_Zupanc_05_web_50-768x512.jpg 768w\" sizes=\"auto, (max-width: 1500px) 100vw, 1500px\" \/><\/a><\/div><div class=\"w-vwrapper usg_vwrapper_1 has_text_color align_center valign_top\" style=\"--vwrapper-gap:2vmax\"><h1 class=\"w-text usg_text_2\"><span class=\"w-text-h\"><span class=\"w-text-value\">SIAMO LA RIVISTA PER LE VACANZE NELL\u2019ALPE ADRIA<\/span><\/span><\/h1><a class=\"w-btn us-btn-style_1 usg_btn_1\" target=\"_blank\" rel=\"nofollow\" href=\"https:\/\/alpen-adria.info\/alpen-adria-2025-2026\/\"><span class=\"w-btn-label\">ALPEN ADRIA JOURNAL LEGGI ONLINE<\/span><\/a><\/div>\t\t<\/div>\r\n\t\t\t<\/article>\r\n\t<article class=\"w-grid-item post-11919 attachment type-attachment status-inherit hentry\" data-id=\"11919\">\r\n\t\t<div class=\"w-grid-item-h\">\r\n\t\t\t\t\t\t<div class=\"w-post-elm post_image usg_post_image_1 has_height stretched\"><a href=\"https:\/\/alpen-adria.info\/it\/journal\/alpen-adria-magazin_zupanc_01_web_50-2\/\" aria-label=\"Alpen Adria Magazin_Zupanc_01_web_50\"><img loading=\"lazy\" decoding=\"async\" width=\"1500\" height=\"1000\" src=\"https:\/\/alpen-adria.info\/wp-content\/uploads\/Alpen-Adria-Magazin_Zupanc_01_web_50.jpg\" class=\"attachment-full size-full\" alt=\"\" srcset=\"https:\/\/alpen-adria.info\/wp-content\/uploads\/Alpen-Adria-Magazin_Zupanc_01_web_50.jpg 1500w, https:\/\/alpen-adria.info\/wp-content\/uploads\/Alpen-Adria-Magazin_Zupanc_01_web_50-300x200.jpg 300w, https:\/\/alpen-adria.info\/wp-content\/uploads\/Alpen-Adria-Magazin_Zupanc_01_web_50-1024x683.jpg 1024w, https:\/\/alpen-adria.info\/wp-content\/uploads\/Alpen-Adria-Magazin_Zupanc_01_web_50-600x400.jpg 600w, https:\/\/alpen-adria.info\/wp-content\/uploads\/Alpen-Adria-Magazin_Zupanc_01_web_50-768x512.jpg 768w\" sizes=\"auto, (max-width: 1500px) 100vw, 1500px\" \/><\/a><\/div><div class=\"w-vwrapper usg_vwrapper_1 has_text_color align_center valign_top\" style=\"--vwrapper-gap:2vmax\"><h1 class=\"w-text usg_text_2\"><span class=\"w-text-h\"><span class=\"w-text-value\">SIAMO LA RIVISTA PER LE VACANZE NELL\u2019ALPE ADRIA<\/span><\/span><\/h1><a class=\"w-btn us-btn-style_1 usg_btn_1\" target=\"_blank\" rel=\"nofollow\" href=\"https:\/\/alpen-adria.info\/alpen-adria-2025-2026\/\"><span class=\"w-btn-label\">ALPEN ADRIA JOURNAL LEGGI ONLINE<\/span><\/a><\/div>\t\t<\/div>\r\n\t\t\t<\/article>\r\n<\/div>\t<div class=\"g-preloader type_1\">\r\n\t\t<div><\/div>\r\n\t<\/div>\r\n\t\t<div class=\"w-grid-json hidden\" onclick='return {&quot;action&quot;:&quot;us_ajax_grid&quot;,&quot;infinite_scroll&quot;:0,&quot;max_num_pages&quot;:1,&quot;pagination&quot;:&quot;none&quot;,&quot;template_vars&quot;:{&quot;columns&quot;:&quot;&quot;,&quot;exclude_items&quot;:&quot;none&quot;,&quot;img_size&quot;:&quot;default&quot;,&quot;ignore_items_size&quot;:0,&quot;items_layout&quot;:&quot;9260&quot;,&quot;items_offset&quot;:&quot;0px&quot;,&quot;load_animation&quot;:&quot;none&quot;,&quot;overriding_link&quot;:&quot;%7B%22url%22%3A%22%22%7D&quot;,&quot;post_id&quot;:0,&quot;query_args&quot;:{&quot;post_type&quot;:[&quot;attachment&quot;],&quot;post__in&quot;:[&quot;11922&quot;,&quot;11919&quot;],&quot;post_status&quot;:&quot;inherit&quot;,&quot;post_mime_type&quot;:&quot;image&quot;,&quot;posts_per_page&quot;:&quot;2&quot;},&quot;orderby_query_args&quot;:{&quot;orderby&quot;:{&quot;post__in&quot;:&quot;ASC&quot;},&quot;order&quot;:&quot;ASC&quot;},&quot;type&quot;:&quot;carousel&quot;,&quot;us_grid_post_type&quot;:&quot;attachment&quot;,&quot;us_grid_ajax_index&quot;:1,&quot;us_grid_filter_query_string&quot;:null,&quot;us_grid_index&quot;:1,&quot;page_args&quot;:[],&quot;lang&quot;:&quot;it&quot;},&quot;carousel_settings&quot;:{&quot;aria_labels&quot;:{&quot;prev&quot;:&quot;Precedente&quot;,&quot;next&quot;:&quot;Prossimo&quot;},&quot;autoplayContinual&quot;:false,&quot;autoplayHoverPause&quot;:false,&quot;autoplayTimeout&quot;:3000,&quot;autoWidth&quot;:false,&quot;smartSpeed&quot;:350,&quot;margin&quot;:0,&quot;mouseDrag&quot;:true,&quot;rtl&quot;:false,&quot;slideBy&quot;:&quot;1&quot;,&quot;touchDrag&quot;:true,&quot;slideTransition&quot;:&quot;&quot;,&quot;responsive&quot;:{&quot;0&quot;:{&quot;autoHeight&quot;:false,&quot;autoplay&quot;:false,&quot;autoWidth&quot;:false,&quot;center&quot;:false,&quot;dots&quot;:false,&quot;items&quot;:1,&quot;loop&quot;:false,&quot;nav&quot;:false,&quot;stagePadding&quot;:0,&quot;slideBy&quot;:&quot;1&quot;},&quot;601&quot;:{&quot;items&quot;:1,&quot;autoplay&quot;:true,&quot;center&quot;:false,&quot;dots&quot;:false,&quot;nav&quot;:true,&quot;autoHeight&quot;:false,&quot;autoWidth&quot;:false,&quot;loop&quot;:true,&quot;stagePadding&quot;:0}}}}'><\/div>\r\n\t<\/div><\/div><\/div><\/div><\/div><\/div><\/section><section class=\"l-section wpb_row height_medium\"><div class=\"l-section-h i-cf\"><div class=\"g-cols vc_row via_flex valign_top type_default stacking_default\"><div class=\"vc_col-sm-6 wpb_column vc_column_container\"><div class=\"vc_column-inner\"><div class=\"wpb_wrapper\"><div class=\"wpb_text_column\"><div class=\"wpb_wrapper\"><h3>LA NOSTRA STORIA<\/h3>\n<p style=\"text-align: justify;\"><strong>Dal momento della nascita della rivista <\/strong>nel 1974 fino ai giorni nostri sono successe molte cose. Le regioni furono estese al mare e raggiunsero Izola, Portorose, Pirano, Trieste, Grado e Lignano. Oggi, l\u2019intera variet\u00e0 della regione turistica della Carinzia \u2013 Friuli \u2013 Slovenia \u00e8 al centro di questa rivista molto popolare, che apprezza molto i luoghi di lettura, le aree ricreative, le attrazioni, i sentieri escursionistici, le piste ciclabili, i ristoranti, il benessere, l\u2019arte e la cultura.<\/p>\n<p style=\"text-align: justify;\"><strong>E la storia del successo continua,<\/strong>perch\u00e9 l\u2019offerta per il tempo libero e per le vacanze diventa quasi inesauribile, la variet\u00e0 di culture e la ricchezza della natura sono temi senza tempo di immensa popolarit\u00e0.<\/p>\n<\/div><\/div><\/div><\/div><\/div><div class=\"vc_col-sm-6 wpb_column vc_column_container\"><div class=\"vc_column-inner\"><div class=\"wpb_wrapper\"><div class=\"w-image us_custom_9f357a74 align_none us_animate_afc\" style=\"animation-delay:0.6s\"><div class=\"w-image-h\"><img decoding=\"async\" width=\"272\" height=\"360\" src=\"https:\/\/alpen-adria.info\/wp-content\/uploads\/Journal-U1-40Jahre.png\" class=\"attachment-full size-full\" alt=\"\" loading=\"lazy\" srcset=\"https:\/\/alpen-adria.info\/wp-content\/uploads\/Journal-U1-40Jahre.png 272w, https:\/\/alpen-adria.info\/wp-content\/uploads\/Journal-U1-40Jahre-227x300.png 227w\" sizes=\"auto, (max-width: 272px) 100vw, 272px\" \/><\/div><\/div><div class=\"wpb_text_column\"><div class=\"wpb_wrapper\"><p><em>Alpen Adria Journal, edizione 1974 \/ 1975<\/em><\/p>\n<\/div><\/div><\/div><\/div><\/div><\/div><\/div><\/section><section class=\"l-section wpb_row height_medium color_alternate\"><div class=\"l-section-h i-cf\"><div class=\"g-cols vc_row via_flex valign_top type_default stacking_default\"><div class=\"vc_col-sm-6 wpb_column vc_column_container\"><div class=\"vc_column-inner\"><div class=\"wpb_wrapper\"><div class=\"w-image us_custom_fd9d5244 align_center us_animate_fade\" style=\"animation-delay:1s\"><div class=\"w-image-h\"><img decoding=\"async\" width=\"350\" height=\"150\" src=\"https:\/\/alpen-adria.info\/wp-content\/uploads\/gratis-1.png\" class=\"attachment-full size-full\" alt=\"\" loading=\"lazy\" srcset=\"https:\/\/alpen-adria.info\/wp-content\/uploads\/gratis-1.png 350w, https:\/\/alpen-adria.info\/wp-content\/uploads\/gratis-1-300x129.png 300w\" sizes=\"auto, (max-width: 350px) 100vw, 350px\" \/><\/div><\/div><\/div><\/div><\/div><div class=\"vc_col-sm-6 wpb_column vc_column_container\"><div class=\"vc_column-inner\"><div class=\"wpb_wrapper\"><div class=\"wpb_text_column\"><div class=\"wpb_wrapper\"><h3>BONUS<\/h3>\n<p style=\"text-align: justify;\"><strong>Come bonus qualitativo <\/strong>va sottolineato che l\u2019Alpen Adria Journal \u00e8 disponibile gratuitamente negli uffici turistici della regione fra le Alpi e l\u2019Adriatico, nei ristoranti, nelle destinazioni delle escursioni e sulle autostrade, sui treni della regione, nei circoli di lettura, nei bar e negli studi medici. Con una tiratura di 10.000 copie, gli annunci pubblicitari raggiungono un ampio gruppo di target. L\u2019implementazione avviene grazie a Facebook, dove compaiono anche gli annunci pubblicitari che raggiungeranno un\u2019enorme portata tramite la diffusione social media.<\/p>\n<\/div><\/div><div class=\"w-btn-wrapper align_none\"><a class=\"w-btn us-btn-style_5 us_custom_80a192e9\" target=\"_blank\" rel=\"nofollow\" title=\"Alpen Adria Journal Leggi online\" href=\"https:\/\/alpen-adria.info\/alpen-adria-2025-2026\/\"><span class=\"w-btn-label\">LEGGI ONLINE!<\/span><\/a><\/div><\/div><\/div><\/div><\/div><\/div><\/section><section class=\"l-section wpb_row height_medium\"><div class=\"l-section-h i-cf\"><div class=\"g-cols vc_row via_flex valign_top type_default stacking_default\"><div class=\"vc_col-sm-6 wpb_column vc_column_container\"><div class=\"vc_column-inner\"><div class=\"wpb_wrapper\"><div class=\"wpb_text_column\"><div class=\"wpb_wrapper\"><h3>ANNUNCI PUBBLICITARI<\/h3>\n<p style=\"text-align: justify;\">Una rivista a colori cos\u00ec ben illustrata e dal contenuto esigente si alimenta anche di pubblicit\u00e0 di successo. Questa \u00e8 disponibile come piede, quarto o terzo di pagina, met\u00e0 pagina o pagina intera, in formato orizzontale o verticale, ma attenzione, va prenotata con largo anticipo!<\/p>\n<p style=\"text-align: justify;\"><strong>Se desiderate che gli ormai fidelizzati lettori possano scoprire anche la vostra attivit\u00e0 o prodotto <\/strong>contattaci! Progetteremo insieme al meglio la vostra pubblicit\u00e0.<\/p>\n<\/div><\/div><\/div><\/div><\/div><div class=\"vc_col-sm-6 wpb_column vc_column_container\"><div class=\"vc_column-inner\"><div class=\"wpb_wrapper\"><div class=\"w-image align_none\"><div class=\"w-image-h\"><img decoding=\"async\" width=\"500\" height=\"340\" src=\"https:\/\/alpen-adria.info\/wp-content\/uploads\/Inserate.png\" class=\"attachment-full size-full\" alt=\"\" loading=\"lazy\" srcset=\"https:\/\/alpen-adria.info\/wp-content\/uploads\/Inserate.png 500w, https:\/\/alpen-adria.info\/wp-content\/uploads\/Inserate-300x204.png 300w\" sizes=\"auto, (max-width: 500px) 100vw, 500px\" \/><\/div><\/div><\/div><\/div><\/div><\/div><\/div><\/section><section class=\"l-section wpb_row height_medium color_alternate\"><div class=\"l-section-h i-cf\"><div class=\"g-cols vc_row via_flex valign_top type_default stacking_default\"><div class=\"vc_col-sm-8 wpb_column vc_column_container us_animate_fade\"><div class=\"vc_column-inner\"><div class=\"wpb_wrapper\"><div class=\"wpb_text_column\"><div class=\"wpb_wrapper\"><h4 style=\"text-align: left;\">ALPEN ADRIA JOURNAL vi ha convinto? Allora pubblicate un annuncio!<\/h4>\n<\/div><\/div><\/div><\/div><\/div><div class=\"vc_col-sm-4 wpb_column vc_column_container\"><div class=\"vc_column-inner\"><div class=\"wpb_wrapper\"><div class=\"w-btn-wrapper align_none\"><a class=\"w-btn us-btn-style_5 us_custom_80a192e9 icon_atleft\" title=\"Contatto\" href=\"https:\/\/alpen-adria.info\/it\/kontakt\/\"><i class=\"far fa-paper-plane\"><\/i><span class=\"w-btn-label\">CONTATTACI<\/span><\/a><\/div><\/div><\/div><\/div><\/div><\/div><\/section><section class=\"l-section wpb_row height_small\" id=\"Extraid\"><div class=\"l-section-h i-cf\"><div class=\"g-cols vc_row via_flex valign_top type_default stacking_default\"><div class=\"vc_col-sm-12 wpb_column vc_column_container\"><div class=\"vc_column-inner\"><div class=\"wpb_wrapper\"><div class=\"wpb_text_column\"><div class=\"wpb_wrapper\"><h4 style=\"text-align: center;\"><span id=\"result_box\" class=\"\" lang=\"de\"><span class=\"\">Trasmettiamo attraverso il nostro <strong>lavoro <\/strong> la <strong>passione <\/strong>per ci\u00f2 che facciamo.<\/span><\/span><\/h4>\n<\/div><\/div><div class=\"w-separator size_medium with_line width_30 thick_1 style_solid color_border align_center with_content\"><div class=\"w-separator-h\"><i class=\"far fa-heart\"><\/i><\/div><\/div><div class=\"w-image align_center\"><a title=\"centropa werbung\" href=\"https:\/\/centropa.at\" aria-label=\"centropa-werbung-logo-xs\" class=\"w-image-h\"><img decoding=\"async\" width=\"209\" height=\"100\" src=\"https:\/\/alpen-adria.info\/wp-content\/uploads\/centropa-werbung-logo-xs.png\" class=\"attachment-full size-full\" alt=\"\" loading=\"lazy\" \/><\/a><\/div><\/div><\/div><\/div><\/div><\/div><\/section>\n","protected":false},"excerpt":{"rendered":"","protected":false},"author":1,"featured_media":0,"parent":0,"menu_order":0,"comment_status":"closed","ping_status":"closed","template":"","meta":{"_acf_changed":false,"footnotes":""},"class_list":["post-6473","page","type-page","status-publish","hentry"],"acf":[],"yoast_head":"<!-- This site is optimized with the Yoast SEO plugin v27.1.1 - https:\/\/yoast.com\/product\/yoast-seo-wordpress\/ -->\n<title>Alpen Adria Journal - Reise-Infos- Frezeit und Ausflugs Tips<\/title>\n<meta name=\"description\" content=\"Alpen Adria Journal, das Freizeit- und Ferien Magazin, Reiseinfos von ausgew\u00e4hlten Gastronomie-, Kultur-, Sport- und Erholungseinrichtungen\" \/>\n<meta name=\"robots\" content=\"index, follow, max-snippet:-1, max-image-preview:large, max-video-preview:-1\" \/>\n<link rel=\"canonical\" href=\"https:\/\/alpen-adria.info\/it\/journal\/\" \/>\n<meta property=\"og:locale\" content=\"it_IT\" \/>\n<meta property=\"og:type\" content=\"article\" \/>\n<meta property=\"og:title\" content=\"Alpen Adria Journal - Reise-Infos- Frezeit und Ausflugs Tips\" \/>\n<meta property=\"og:description\" content=\"Alpen Adria Journal, das Freizeit- und Ferien Magazin, Reiseinfos von ausgew\u00e4hlten Gastronomie-, Kultur-, Sport- und Erholungseinrichtungen\" \/>\n<meta property=\"og:url\" content=\"https:\/\/alpen-adria.info\/it\/journal\/\" \/>\n<meta property=\"og:site_name\" content=\"ALPEN-ADRIA JOURNAL\" \/>\n<meta property=\"article:publisher\" content=\"https:\/\/www.facebook.com\/AlpenAdriaJournal\/\" \/>\n<meta property=\"article:modified_time\" content=\"2025-05-23T18:15:25+00:00\" \/>\n<meta name=\"twitter:card\" content=\"summary_large_image\" \/>\n<meta name=\"twitter:label1\" content=\"Tempo di lettura stimato\" \/>\n\t<meta name=\"twitter:data1\" content=\"3 minuti\" \/>\n<script type=\"application\/ld+json\" class=\"yoast-schema-graph\">{\"@context\":\"https:\/\/schema.org\",\"@graph\":[{\"@type\":\"WebPage\",\"@id\":\"https:\/\/alpen-adria.info\/it\/journal\/\",\"url\":\"https:\/\/alpen-adria.info\/it\/journal\/\",\"name\":\"Alpen Adria Journal - Reise-Infos- Frezeit und Ausflugs Tips\",\"isPartOf\":{\"@id\":\"https:\/\/alpen-adria.info\/it\/#website\"},\"datePublished\":\"2016-11-21T20:17:27+00:00\",\"dateModified\":\"2025-05-23T18:15:25+00:00\",\"description\":\"Alpen Adria Journal, das Freizeit- und Ferien Magazin, Reiseinfos von ausgew\u00e4hlten Gastronomie-, Kultur-, Sport- und Erholungseinrichtungen\",\"breadcrumb\":{\"@id\":\"https:\/\/alpen-adria.info\/it\/journal\/#breadcrumb\"},\"inLanguage\":\"it-IT\",\"potentialAction\":[{\"@type\":\"ReadAction\",\"target\":[\"https:\/\/alpen-adria.info\/it\/journal\/\"]}]},{\"@type\":\"BreadcrumbList\",\"@id\":\"https:\/\/alpen-adria.info\/it\/journal\/#breadcrumb\",\"itemListElement\":[{\"@type\":\"ListItem\",\"position\":1,\"name\":\"Startseite\",\"item\":\"https:\/\/alpen-adria.info\/it\/\"},{\"@type\":\"ListItem\",\"position\":2,\"name\":\"Journal\"}]},{\"@type\":\"WebSite\",\"@id\":\"https:\/\/alpen-adria.info\/it\/#website\",\"url\":\"https:\/\/alpen-adria.info\/it\/\",\"name\":\"ALPEN-ADRIA JOURNAL\",\"description\":\"Reise- und Genuss- Tipps  aus der ALPEN-ADRIA-Region\",\"publisher\":{\"@id\":\"https:\/\/alpen-adria.info\/it\/#organization\"},\"potentialAction\":[{\"@type\":\"SearchAction\",\"target\":{\"@type\":\"EntryPoint\",\"urlTemplate\":\"https:\/\/alpen-adria.info\/it\/?s={search_term_string}\"},\"query-input\":{\"@type\":\"PropertyValueSpecification\",\"valueRequired\":true,\"valueName\":\"search_term_string\"}}],\"inLanguage\":\"it-IT\"},{\"@type\":\"Organization\",\"@id\":\"https:\/\/alpen-adria.info\/it\/#organization\",\"name\":\"Centropa Werbung\",\"url\":\"https:\/\/alpen-adria.info\/it\/\",\"logo\":{\"@type\":\"ImageObject\",\"inLanguage\":\"it-IT\",\"@id\":\"https:\/\/alpen-adria.info\/it\/#\/schema\/logo\/image\/\",\"url\":\"https:\/\/alpen-adria.info\/wp-content\/uploads\/centropa-werbung-logo-xs.png\",\"contentUrl\":\"https:\/\/alpen-adria.info\/wp-content\/uploads\/centropa-werbung-logo-xs.png\",\"width\":209,\"height\":100,\"caption\":\"Centropa Werbung\"},\"image\":{\"@id\":\"https:\/\/alpen-adria.info\/it\/#\/schema\/logo\/image\/\"},\"sameAs\":[\"https:\/\/www.facebook.com\/AlpenAdriaJournal\/\"]}]}<\/script>\n<!-- \/ Yoast SEO plugin. -->","yoast_head_json":{"title":"Alpen Adria Journal - Reise-Infos- Frezeit und Ausflugs Tips","description":"Alpen Adria Journal, das Freizeit- und Ferien Magazin, Reiseinfos von ausgew\u00e4hlten Gastronomie-, Kultur-, Sport- und Erholungseinrichtungen","robots":{"index":"index","follow":"follow","max-snippet":"max-snippet:-1","max-image-preview":"max-image-preview:large","max-video-preview":"max-video-preview:-1"},"canonical":"https:\/\/alpen-adria.info\/it\/journal\/","og_locale":"it_IT","og_type":"article","og_title":"Alpen Adria Journal - Reise-Infos- Frezeit und Ausflugs Tips","og_description":"Alpen Adria Journal, das Freizeit- und Ferien Magazin, Reiseinfos von ausgew\u00e4hlten Gastronomie-, Kultur-, Sport- und Erholungseinrichtungen","og_url":"https:\/\/alpen-adria.info\/it\/journal\/","og_site_name":"ALPEN-ADRIA JOURNAL","article_publisher":"https:\/\/www.facebook.com\/AlpenAdriaJournal\/","article_modified_time":"2025-05-23T18:15:25+00:00","twitter_card":"summary_large_image","twitter_misc":{"Tempo di lettura stimato":"3 minuti"},"schema":{"@context":"https:\/\/schema.org","@graph":[{"@type":"WebPage","@id":"https:\/\/alpen-adria.info\/it\/journal\/","url":"https:\/\/alpen-adria.info\/it\/journal\/","name":"Alpen Adria Journal - Reise-Infos- Frezeit und Ausflugs Tips","isPartOf":{"@id":"https:\/\/alpen-adria.info\/it\/#website"},"datePublished":"2016-11-21T20:17:27+00:00","dateModified":"2025-05-23T18:15:25+00:00","description":"Alpen Adria Journal, das Freizeit- und Ferien Magazin, Reiseinfos von ausgew\u00e4hlten Gastronomie-, Kultur-, Sport- und Erholungseinrichtungen","breadcrumb":{"@id":"https:\/\/alpen-adria.info\/it\/journal\/#breadcrumb"},"inLanguage":"it-IT","potentialAction":[{"@type":"ReadAction","target":["https:\/\/alpen-adria.info\/it\/journal\/"]}]},{"@type":"BreadcrumbList","@id":"https:\/\/alpen-adria.info\/it\/journal\/#breadcrumb","itemListElement":[{"@type":"ListItem","position":1,"name":"Startseite","item":"https:\/\/alpen-adria.info\/it\/"},{"@type":"ListItem","position":2,"name":"Journal"}]},{"@type":"WebSite","@id":"https:\/\/alpen-adria.info\/it\/#website","url":"https:\/\/alpen-adria.info\/it\/","name":"ALPEN-ADRIA JOURNAL","description":"Reise- und Genuss- Tipps  aus der ALPEN-ADRIA-Region","publisher":{"@id":"https:\/\/alpen-adria.info\/it\/#organization"},"potentialAction":[{"@type":"SearchAction","target":{"@type":"EntryPoint","urlTemplate":"https:\/\/alpen-adria.info\/it\/?s={search_term_string}"},"query-input":{"@type":"PropertyValueSpecification","valueRequired":true,"valueName":"search_term_string"}}],"inLanguage":"it-IT"},{"@type":"Organization","@id":"https:\/\/alpen-adria.info\/it\/#organization","name":"Centropa Werbung","url":"https:\/\/alpen-adria.info\/it\/","logo":{"@type":"ImageObject","inLanguage":"it-IT","@id":"https:\/\/alpen-adria.info\/it\/#\/schema\/logo\/image\/","url":"https:\/\/alpen-adria.info\/wp-content\/uploads\/centropa-werbung-logo-xs.png","contentUrl":"https:\/\/alpen-adria.info\/wp-content\/uploads\/centropa-werbung-logo-xs.png","width":209,"height":100,"caption":"Centropa Werbung"},"image":{"@id":"https:\/\/alpen-adria.info\/it\/#\/schema\/logo\/image\/"},"sameAs":["https:\/\/www.facebook.com\/AlpenAdriaJournal\/"]}]}},"_links":{"self":[{"href":"https:\/\/alpen-adria.info\/it\/wp-json\/wp\/v2\/pages\/6473","targetHints":{"allow":["GET"]}}],"collection":[{"href":"https:\/\/alpen-adria.info\/it\/wp-json\/wp\/v2\/pages"}],"about":[{"href":"https:\/\/alpen-adria.info\/it\/wp-json\/wp\/v2\/types\/page"}],"author":[{"embeddable":true,"href":"https:\/\/alpen-adria.info\/it\/wp-json\/wp\/v2\/users\/1"}],"replies":[{"embeddable":true,"href":"https:\/\/alpen-adria.info\/it\/wp-json\/wp\/v2\/comments?post=6473"}],"version-history":[{"count":0,"href":"https:\/\/alpen-adria.info\/it\/wp-json\/wp\/v2\/pages\/6473\/revisions"}],"wp:attachment":[{"href":"https:\/\/alpen-adria.info\/it\/wp-json\/wp\/v2\/media?parent=6473"}],"curies":[{"name":"wp","href":"https:\/\/api.w.org\/{rel}","templated":true}]}}